{"id":220,"date":"2025-02-13T10:27:20","date_gmt":"2025-02-13T10:27:20","guid":{"rendered":"https:\/\/robline.f1-staging.work\/?page_id=220"},"modified":"2026-02-19T14:48:53","modified_gmt":"2026-02-19T14:48:53","slug":"contact-team","status":"publish","type":"page","link":"https:\/\/www.roblineropes.com\/en\/contact-team\/","title":{"rendered":"Contact &amp; Team"},"content":{"rendered":"<p>[et_pb_section fb_built=&#8221;1&#8243; _builder_version=&#8221;4.27.4&#8243; _module_preset=&#8221;default&#8221; global_colors_info=&#8221;{}&#8221;][et_pb_row column_structure=&#8221;1_3,1_3,1_3&#8243; _builder_version=&#8221;4.27.4&#8243; _module_preset=&#8221;default&#8221; global_colors_info=&#8221;{}&#8221;][et_pb_column type=&#8221;1_3&#8243; _builder_version=&#8221;4.27.4&#8243; _module_preset=&#8221;default&#8221; global_colors_info=&#8221;{}&#8221;][et_pb_text _builder_version=&#8221;4.27.4&#8243; _module_preset=&#8221;default&#8221; global_colors_info=&#8221;{}&#8221;]<\/p>\n<h2>Austria<\/h2>\n<h3 style=\"text-align: left\">HEADQUARTERS<\/h3>\n<p><strong>TEUFELBERGER Fiber Rope GmbH<\/strong><br \/>Vogelweiderstr. 50<br \/>4600 Wels<br \/>AUSTRIA<\/p>\n<p>Telephone: +43 (0) 7242 413-0<br \/>E-Mail: <a href=\"mailto:info@roblineropes.com\">info@roblineropes.com<\/a>\u200b\u200b\u200b\u200b\u200b\u200b\u200b<\/p>\n<p>[\/et_pb_text][\/et_pb_column][et_pb_column type=&#8221;1_3&#8243; _builder_version=&#8221;4.27.4&#8243; _module_preset=&#8221;default&#8221; global_colors_info=&#8221;{}&#8221;][et_pb_text _builder_version=&#8221;4.27.4&#8243; _module_preset=&#8221;default&#8221; global_colors_info=&#8221;{}&#8221;]<\/p>\n<h2>Czech Republic<\/h2>\n<h3><strong>\u00a0<\/strong><\/h3>\n<p><strong>TEUFELBERGER spol. s r.o.<br \/><\/strong>Pr\u016fmyslov\u00e1 841<br \/>39181 Vesel\u00ed nad Lu\u017enic\u00ed<br \/>CZECH REPUBLIC<\/p>\n<p>Telephone: +420 3815 427-00<br \/>E-Mail: <a href=\"mailto:info@roblineropes.com\">info@roblineropes.com<\/a><br \/><a><\/a><\/p>\n<p>[\/et_pb_text][\/et_pb_column][et_pb_column type=&#8221;1_3&#8243; _builder_version=&#8221;4.27.4&#8243; _module_preset=&#8221;default&#8221; global_colors_info=&#8221;{}&#8221;][et_pb_text _builder_version=&#8221;4.27.4&#8243; _module_preset=&#8221;default&#8221; global_colors_info=&#8221;{}&#8221;]<\/p>\n<h2>Sweden<\/h2>\n<h3 style=\"text-align: left\">\u00a0<\/h3>\n<p><strong>TEUFELBERGER AB<\/strong><br \/>Bolshedens Industriv\u00e4g 30<br \/>S-427 50 Billdal<br \/>SWEDEN<\/p>\n<p>Telephone: +46 31 939100<br \/>E-Mail: <a href=\"mailto:info@teufelberger.se\">info@teufelberger.se<\/a><\/p>\n<p>[\/et_pb_text][\/et_pb_column][\/et_pb_row][et_pb_row _builder_version=&#8221;4.27.4&#8243; _module_preset=&#8221;default&#8221; global_colors_info=&#8221;{}&#8221;][et_pb_column type=&#8221;4_4&#8243; _builder_version=&#8221;4.27.4&#8243; _module_preset=&#8221;default&#8221; global_colors_info=&#8221;{}&#8221;][et_pb_text _builder_version=&#8221;4.27.4&#8243; _module_preset=&#8221;default&#8221; global_colors_info=&#8221;{}&#8221;]<\/p>\n<h3>Meet the team<\/h3>\n<p>There are many people working behind the scenes of Robline. Want to get to know some of us?<br \/>Download our contact list here:<\/p>\n<p>[\/et_pb_text][et_pb_button button_url=&#8221;@ET-DC@eyJkeW5hbWljIjp0cnVlLCJjb250ZW50IjoicG9zdF9saW5rX3VybF9hdHRhY2htZW50Iiwic2V0dGluZ3MiOnsicG9zdF9pZCI6IjIxMjMiLCJlbmFibGVfaHRtbCI6Im9mZiJ9fQ==@&#8221; url_new_window=&#8221;on&#8221; button_text=&#8221;download&#8221; _builder_version=&#8221;4.27.5&#8243; _dynamic_attributes=&#8221;button_url&#8221; _module_preset=&#8221;default&#8221; hover_enabled=&#8221;0&#8243; global_colors_info=&#8221;{}&#8221; sticky_enabled=&#8221;0&#8243;][\/et_pb_button][\/et_pb_column][\/et_pb_row][\/et_pb_section]<\/p>\n","protected":false},"excerpt":{"rendered":"<p>Austria HEADQUARTERS TEUFELBERGER Fiber Rope GmbHVogelweiderstr. 504600 WelsAUSTRIA Telephone: +43 (0) 7242 413-0E-Mail: info@roblineropes.com\u200b\u200b\u200b\u200b\u200b\u200b\u200bCzech Republic \u00a0 TEUFELBERGER spol. s r.o.Pr\u016fmyslov\u00e1 84139181 Vesel\u00ed nad Lu\u017enic\u00edCZECH REPUBLIC Telephone: +420 3815 427-00E-Mail: info@roblineropes.comSweden \u00a0 TEUFELBERGER ABBolshedens Industriv\u00e4g 30S-427 50 BilldalSWEDEN Telephone: +46 31 939100E-Mail: info@teufelberger.seMeet the team There are many people working behind the scenes of Robline. Want [&hellip;]<\/p>\n","protected":false},"author":1,"featured_media":0,"parent":0,"menu_order":0,"comment_status":"closed","ping_status":"closed","template":"","meta":{"_et_pb_use_builder":"on","_et_pb_old_content":"<!-- wp:divi\/placeholder \/-->","_et_gb_content_width":"","footnotes":""},"class_list":["post-220","page","type-page","status-publish","hentry"],"aioseo_notices":[],"_links":{"self":[{"href":"https:\/\/www.roblineropes.com\/en\/wp-json\/wp\/v2\/pages\/220","targetHints":{"allow":["GET"]}}],"collection":[{"href":"https:\/\/www.roblineropes.com\/en\/wp-json\/wp\/v2\/pages"}],"about":[{"href":"https:\/\/www.roblineropes.com\/en\/wp-json\/wp\/v2\/types\/page"}],"author":[{"embeddable":true,"href":"https:\/\/www.roblineropes.com\/en\/wp-json\/wp\/v2\/users\/1"}],"replies":[{"embeddable":true,"href":"https:\/\/www.roblineropes.com\/en\/wp-json\/wp\/v2\/comments?post=220"}],"version-history":[{"count":12,"href":"https:\/\/www.roblineropes.com\/en\/wp-json\/wp\/v2\/pages\/220\/revisions"}],"predecessor-version":[{"id":2125,"href":"https:\/\/www.roblineropes.com\/en\/wp-json\/wp\/v2\/pages\/220\/revisions\/2125"}],"wp:attachment":[{"href":"https:\/\/www.roblineropes.com\/en\/wp-json\/wp\/v2\/media?parent=220"}],"curies":[{"name":"wp","href":"https:\/\/api.w.org\/{rel}","templated":true}]}}