{"id":72,"date":"2025-02-10T12:42:40","date_gmt":"2025-02-10T12:42:40","guid":{"rendered":"https:\/\/robline.f1-staging.work\/?post_type=product&#038;p=72"},"modified":"2025-02-13T13:19:04","modified_gmt":"2025-02-13T13:19:04","slug":"custom-made-grand-prix-racing","status":"publish","type":"product","link":"https:\/\/www.roblineropes.com\/de\/produkt\/custom-made-grand-prix-racing\/","title":{"rendered":"Sonderanfertigung \/ Grand Prix Racing"},"content":{"rendered":"<h5>Die Grand Prix Produktlinie von Robline besteht aus unter Rennbedingungen getesteten und optimierten Leinen.<\/h5>\n<p>Die Konstruktionen wurden auf TP52, M32, GC32, Club Swan 50 und vielen anderen Grand Prix Yachten erfolgreich eingesetzt. Sie sind in Durchmessern ab 7,5 mm erh\u00e4ltlich. Die leistungsst\u00e4rksten dieser Leinen weisen Bruchlasten von bis zu 45 Tonnen auf und werden unter anderem als Genua-Schoten f\u00fcr Superyachten verwendet.<\/p>\n<p>Wir verwenden drei verschiedene Kerntypen, die jeweils von einem Mantel umgeben sind, der f\u00fcr die jeweiligen Durchmesser und Verwendungsarten optimiert wurde.<\/p>\n<h5>STS \u2013 STRONGER THAN STEEL\u00ae TECHNOLOGIE<\/h5>\n<p>Dank unserer einzigartigen STS \u2013 Stronger than Steel\u00ae Technologie sind wir in der Lage, Seile mit einer au\u00dfergew\u00f6hnlich geringen Dehnung f\u00fcr die vorgegebenen Durchmesser zu produzieren. Somit k\u00f6nnen Grand-Prix-Segler den Durchmesser und in weiterer Folge den Windwiderstand, sowie das Top-Gewicht gering halten. Er wird trotzdem mit besserem Ansprechverhalten und optimaler Umsetzung des Trimms belohnt.<\/p>\n<h6>F\u00fcr mehr Information zu unserer Grand Prix Produktlinie, individuelle L\u00f6sungen oder STS\u00ae:<br \/>\ncontact our sales team or your local dealer!<\/h6>","protected":false},"excerpt":{"rendered":"<p>The Grand Prix product line from Robline consists of ropes tested and optimized in race conditions. These constructions were successfully installed on RC 44, M32, GC32, Club Swan 50, and other Grand Prix yachts. They come in diameters from 7.5mm on up. The highest performing among those lines feature breaking loads of up to 45 [&hellip;]<\/p>\n","protected":false},"featured_media":539,"template":"","meta":{"_et_pb_use_builder":"","_et_pb_old_content":"","_et_gb_content_width":""},"product_brand":[],"product_cat":[27],"product_tag":[],"class_list":{"0":"post-72","1":"product","2":"type-product","3":"status-publish","4":"has-post-thumbnail","6":"product_cat-custom-made-grand-prix-racing","8":"first","9":"instock","10":"shipping-taxable","11":"product-type-simple"},"aioseo_notices":[],"_links":{"self":[{"href":"https:\/\/www.roblineropes.com\/de\/wp-json\/wp\/v2\/product\/72","targetHints":{"allow":["GET"]}}],"collection":[{"href":"https:\/\/www.roblineropes.com\/de\/wp-json\/wp\/v2\/product"}],"about":[{"href":"https:\/\/www.roblineropes.com\/de\/wp-json\/wp\/v2\/types\/product"}],"wp:featuredmedia":[{"embeddable":true,"href":"https:\/\/www.roblineropes.com\/de\/wp-json\/wp\/v2\/media\/539"}],"wp:attachment":[{"href":"https:\/\/www.roblineropes.com\/de\/wp-json\/wp\/v2\/media?parent=72"}],"wp:term":[{"taxonomy":"product_brand","embeddable":true,"href":"https:\/\/www.roblineropes.com\/de\/wp-json\/wp\/v2\/product_brand?post=72"},{"taxonomy":"product_cat","embeddable":true,"href":"https:\/\/www.roblineropes.com\/de\/wp-json\/wp\/v2\/product_cat?post=72"},{"taxonomy":"product_tag","embeddable":true,"href":"https:\/\/www.roblineropes.com\/de\/wp-json\/wp\/v2\/product_tag?post=72"}],"curies":[{"name":"wp","href":"https:\/\/api.w.org\/{rel}","templated":true}]}}